{"id":21,"date":"2025-07-24T14:45:04","date_gmt":"2025-07-24T12:45:04","guid":{"rendered":"https:\/\/urban-fish.de\/?page_id=21"},"modified":"2026-04-11T12:40:53","modified_gmt":"2026-04-11T10:40:53","slug":"home","status":"publish","type":"page","link":"https:\/\/urban-fish.de\/","title":{"rendered":"Home"},"content":{"rendered":"\n<div class=\"wp-block-group alignfull is-style-default\" style=\"padding-top:0;padding-bottom:0\"><div class=\"wp-block-group__inner-container is-layout-constrained wp-block-group-is-layout-constrained\">\n<figure class=\"wp-block-image alignfull size-full is-style-rounded\"><img loading=\"lazy\" decoding=\"async\" width=\"1688\" height=\"1125\" src=\"https:\/\/urban-fish.de\/wp-content\/uploads\/2025\/09\/Marienplatz_better-resolution.png\" alt=\"\" class=\"wp-image-207\" srcset=\"https:\/\/urban-fish.de\/wp-content\/uploads\/2025\/09\/Marienplatz_better-resolution.png 1688w, https:\/\/urban-fish.de\/wp-content\/uploads\/2025\/09\/Marienplatz_better-resolution-300x200.png 300w, https:\/\/urban-fish.de\/wp-content\/uploads\/2025\/09\/Marienplatz_better-resolution-1024x682.png 1024w, https:\/\/urban-fish.de\/wp-content\/uploads\/2025\/09\/Marienplatz_better-resolution-768x512.png 768w, https:\/\/urban-fish.de\/wp-content\/uploads\/2025\/09\/Marienplatz_better-resolution-1536x1024.png 1536w, https:\/\/urban-fish.de\/wp-content\/uploads\/2025\/09\/Marienplatz_better-resolution-1568x1045.png 1568w\" sizes=\"auto, (max-width: 1688px) 100vw, 1688px\" \/><\/figure>\n<\/div><\/div>\n\n\n\n<div class=\"wp-block-group alignfull\" style=\"padding-top:0;padding-bottom:0\"><div class=\"wp-block-group__inner-container is-layout-constrained wp-block-group-is-layout-constrained\">\n<div class=\"wp-block-columns alignfull is-layout-flex wp-container-core-columns-is-layout-9d6595d7 wp-block-columns-is-layout-flex\">\n<div class=\"wp-block-column is-layout-flow wp-block-column-is-layout-flow\"><\/div>\n<\/div>\n\n\n\n<div class=\"wp-block-columns alignwide is-layout-flex wp-container-core-columns-is-layout-9d6595d7 wp-block-columns-is-layout-flex\">\n<div class=\"wp-block-column is-layout-flow wp-block-column-is-layout-flow\" style=\"flex-basis:100%\">\n<h2 class=\"wp-block-heading has-text-align-center\"><strong>UrbanFish<\/strong><\/h2>\n<\/div>\n<\/div>\n\n\n\n<div class=\"wp-block-columns alignwide is-layout-flex wp-container-core-columns-is-layout-9d6595d7 wp-block-columns-is-layout-flex\">\n<div class=\"wp-block-column is-layout-flow wp-block-column-is-layout-flow\" style=\"flex-basis:100%\">\n<p class=\"has-text-align-center has-extra-large-font-size\"><strong>&#8211;<\/strong><\/p>\n<\/div>\n<\/div>\n\n\n\n<div class=\"wp-block-columns alignwide is-layout-flex wp-container-core-columns-is-layout-9d6595d7 wp-block-columns-is-layout-flex\">\n<div class=\"wp-block-column is-layout-flow wp-block-column-is-layout-flow\" style=\"flex-basis:100%\">\n<p class=\"has-text-align-center has-extra-large-font-size\"><strong>Wiederbelebung von stillgelegten Fl\u00e4chen ohne Neuversiegelung<\/strong><\/p>\n\n\n\n<p><\/p>\n<\/div>\n<\/div>\n\n\n\n<figure class=\"wp-block-image alignfull size-full is-style-default\"><img loading=\"lazy\" decoding=\"async\" width=\"1252\" height=\"282\" src=\"https:\/\/urban-fish.de\/wp-content\/uploads\/2025\/10\/Value-Proposition-mittel-neu.png\" alt=\"\" class=\"wp-image-210\" srcset=\"https:\/\/urban-fish.de\/wp-content\/uploads\/2025\/10\/Value-Proposition-mittel-neu.png 1252w, https:\/\/urban-fish.de\/wp-content\/uploads\/2025\/10\/Value-Proposition-mittel-neu-300x68.png 300w, https:\/\/urban-fish.de\/wp-content\/uploads\/2025\/10\/Value-Proposition-mittel-neu-1024x231.png 1024w, https:\/\/urban-fish.de\/wp-content\/uploads\/2025\/10\/Value-Proposition-mittel-neu-768x173.png 768w\" sizes=\"auto, (max-width: 1252px) 100vw, 1252px\" \/><\/figure>\n\n\n\n<div class=\"wp-block-columns is-layout-flex wp-container-core-columns-is-layout-9d6595d7 wp-block-columns-is-layout-flex\">\n<div class=\"wp-block-column is-layout-flow wp-block-column-is-layout-flow\"><\/div>\n<\/div>\n\n\n\n<p><\/p>\n<\/div><\/div>\n\n\n\n<div class=\"wp-block-group alignwide\" style=\"padding-top:0;padding-right:0;padding-bottom:0;padding-left:0\"><div class=\"wp-block-group__inner-container is-layout-constrained wp-container-core-group-is-layout-ce3938d8 wp-block-group-is-layout-constrained\">\n<div class=\"wp-block-columns alignwide is-layout-flex wp-container-core-columns-is-layout-9d6595d7 wp-block-columns-is-layout-flex\">\n<div class=\"wp-block-column is-vertically-aligned-center is-layout-flow wp-block-column-is-layout-flow\" style=\"flex-basis:33.33%\">\n<figure class=\"wp-block-image size-full is-resized\"><img loading=\"lazy\" decoding=\"async\" width=\"287\" height=\"78\" src=\"https:\/\/urban-fish.de\/wp-content\/uploads\/2025\/08\/ok-Problem.png\" alt=\"\" class=\"wp-image-96\" style=\"width:389px;height:auto\"\/><\/figure>\n<\/div>\n\n\n\n<div class=\"wp-block-column is-layout-flow wp-block-column-is-layout-flow\" style=\"flex-basis:66.66%\">\n<ul class=\"wp-block-list\">\n<li><strong>Bev\u00f6lkerungswachstum<\/strong> (+22% bis 2050)<\/li>\n\n\n\n<li><strong>Steigender Nahrungsbedarf <\/strong>(+50% bis 2050)<\/li>\n\n\n\n<li class=\"has-black-color has-text-color has-link-color wp-elements-1b9b4d59f282df73ed269e847f7f208a\"><strong>Schwindende Ressourcen<\/strong> (Wasser &amp; Land)<\/li>\n<\/ul>\n<\/div>\n<\/div>\n\n\n\n<p style=\"padding-top:0;padding-bottom:0\"><\/p>\n\n\n\n<div class=\"wp-block-columns alignwide is-layout-flex wp-container-core-columns-is-layout-9d6595d7 wp-block-columns-is-layout-flex\">\n<div class=\"wp-block-column is-vertically-aligned-center is-layout-flow wp-block-column-is-layout-flow\" style=\"padding-top:var(--wp--preset--spacing--60);padding-bottom:var(--wp--preset--spacing--60);flex-basis:33.33%\">\n<figure class=\"wp-block-image size-full is-resized\"><img loading=\"lazy\" decoding=\"async\" width=\"287\" height=\"77\" src=\"https:\/\/urban-fish.de\/wp-content\/uploads\/2025\/08\/ok-Loesung.png\" alt=\"\" class=\"wp-image-97\" style=\"width:391px;height:auto\"\/><\/figure>\n<\/div>\n\n\n\n<div class=\"wp-block-column is-vertically-aligned-center is-layout-flow wp-block-column-is-layout-flow\" style=\"flex-basis:66.66%\">\n<ul class=\"wp-block-list\">\n<li><strong>Umkehrung der Dimensionen von Fleisch zu Fisch<\/strong><\/li>\n\n\n\n<li><strong>Urbane \/ lokale Produktion (Neo-\u00d6kologie &amp; Megatrends)<\/strong><\/li>\n<\/ul>\n<\/div>\n<\/div>\n\n\n\n<p style=\"padding-top:0;padding-bottom:0\"><\/p>\n\n\n\n<div class=\"wp-block-columns alignfull is-layout-flex wp-container-core-columns-is-layout-9d6595d7 wp-block-columns-is-layout-flex\">\n<div class=\"wp-block-column is-vertically-aligned-center is-layout-flow wp-block-column-is-layout-flow\" style=\"flex-basis:33.33%\"><div class=\"wp-block-image\">\n<figure class=\"aligncenter size-full is-resized\"><img loading=\"lazy\" decoding=\"async\" width=\"287\" height=\"78\" src=\"https:\/\/urban-fish.de\/wp-content\/uploads\/2025\/08\/ok-UrbanFish.png\" alt=\"\" class=\"wp-image-98\" style=\"width:400px;height:auto\"\/><\/figure>\n<\/div><\/div>\n\n\n\n<div class=\"wp-block-column is-vertically-aligned-center is-layout-flow wp-block-column-is-layout-flow\" style=\"flex-basis:66.66%\">\n<ul class=\"wp-block-list\">\n<li><strong>Hightech Kreislaufproduktion im Immobilienleerstand der St\u00e4dte<\/strong><\/li>\n\n\n\n<li><strong>Unsichtbare Fisch-&amp; Kr\u00e4uterproduktion ohne Fl\u00e4chenkonkurrenz<\/strong><\/li>\n<\/ul>\n<\/div>\n<\/div>\n\n\n\n<p style=\"padding-top:0;padding-bottom:0\"><\/p>\n<\/div><\/div>\n\n\n\n<div class=\"wp-block-columns alignwide is-layout-flex wp-container-core-columns-is-layout-9d6595d7 wp-block-columns-is-layout-flex\">\n<div class=\"wp-block-column is-layout-flow wp-block-column-is-layout-flow\">\n<div class=\"wp-block-columns is-layout-flex wp-container-core-columns-is-layout-9d6595d7 wp-block-columns-is-layout-flex\">\n<div class=\"wp-block-column is-layout-flow wp-block-column-is-layout-flow\">\n<h2 class=\"wp-block-heading has-extra-large-font-size\"><strong>Die L\u00f6sung von UrbanFish<\/strong><\/h2>\n\n\n\n<ul class=\"wp-block-list\">\n<li><strong><strong>Aquaponik mit Fl\u00e4chenumwidmung<\/strong><\/strong>\n<ul class=\"wp-block-list\">\n<li>Aquaponik ist Bestandteil der Bio\u00f6konomie und erzeugt Nahrungsmittel<\/li>\n\n\n\n<li>Aquaponik ist ein Kofferwort aus Aquakultur und Hydroponik, also der Kreislauf von Fisch- und Pflanzenzucht<\/li>\n<\/ul>\n<\/li>\n\n\n\n<li><strong>lokale Produktion, lokale Partner und lokale Kunden:<\/strong>\n<ul class=\"wp-block-list\">\n<li>k\u00fcrzeste Transportwege<\/li>\n\n\n\n<li>Sicherung der Lebensmittelversorgung im urbanen Raum<\/li>\n\n\n\n<li>Unabh\u00e4ngigkeit von externen Zulieferern<\/li>\n<\/ul>\n<\/li>\n\n\n\n<li><strong>Ressourcenschonung<\/strong>: Kreislaufwirtschaft &#8211; cradle to cradle<\/li>\n\n\n\n<li><strong>Umkehrung der Dimensionen von Fleisch zu Fisch durch urbane Kreislaufsysteme<\/strong><\/li>\n\n\n\n<li><strong>unsichtbare Fisch- &amp; Kr\u00e4uterproduktion ohne Fl\u00e4chenkonkurrenz<\/strong><\/li>\n\n\n\n<li><strong>Fl\u00e4chenschonung durch Geb\u00e4ude-Nachnutzung<\/strong><\/li>\n\n\n\n<li><strong>Unterst\u00fctzung der Klimaschutzziele Deutschland, Europa &amp; Weltweit<\/strong><\/li>\n<\/ul>\n<\/div>\n<\/div>\n<\/div>\n<\/div>\n\n\n\n<hr class=\"wp-block-separator has-alpha-channel-opacity\"\/>\n\n\n\n<div class=\"wp-block-group alignwide\" style=\"padding-top:var(--wp--preset--spacing--60);padding-bottom:var(--wp--preset--spacing--60)\"><div class=\"wp-block-group__inner-container is-layout-constrained wp-block-group-is-layout-constrained\">\n<figure class=\"wp-block-image alignwide size-full\"><img loading=\"lazy\" decoding=\"async\" width=\"945\" height=\"454\" src=\"https:\/\/urban-fish.de\/wp-content\/uploads\/2025\/08\/Red-RessVerbr-1.png\" alt=\"\" class=\"wp-image-125\" srcset=\"https:\/\/urban-fish.de\/wp-content\/uploads\/2025\/08\/Red-RessVerbr-1.png 945w, https:\/\/urban-fish.de\/wp-content\/uploads\/2025\/08\/Red-RessVerbr-1-300x144.png 300w, https:\/\/urban-fish.de\/wp-content\/uploads\/2025\/08\/Red-RessVerbr-1-768x369.png 768w\" sizes=\"auto, (max-width: 945px) 100vw, 945px\" \/><\/figure>\n\n\n\n<div class=\"wp-block-columns is-layout-flex wp-container-core-columns-is-layout-9d6595d7 wp-block-columns-is-layout-flex\">\n<div class=\"wp-block-column is-layout-flow wp-block-column-is-layout-flow\"><\/div>\n<\/div>\n<\/div><\/div>\n\n\n\n<hr class=\"wp-block-separator alignfull has-alpha-channel-opacity\"\/>\n\n\n\n<p><\/p>\n\n\n\n<div class=\"wp-block-group alignwide\" style=\"padding-top:var(--wp--preset--spacing--40);padding-bottom:var(--wp--preset--spacing--40)\"><div class=\"wp-block-group__inner-container is-layout-constrained wp-block-group-is-layout-constrained\">\n<figure class=\"wp-block-image alignwide size-large\"><img loading=\"lazy\" decoding=\"async\" width=\"1024\" height=\"432\" src=\"https:\/\/urban-fish.de\/wp-content\/uploads\/2025\/08\/Verteilung-WW-AK-1024x432.png\" alt=\"\" class=\"wp-image-110\" srcset=\"https:\/\/urban-fish.de\/wp-content\/uploads\/2025\/08\/Verteilung-WW-AK-1024x432.png 1024w, https:\/\/urban-fish.de\/wp-content\/uploads\/2025\/08\/Verteilung-WW-AK-300x127.png 300w, https:\/\/urban-fish.de\/wp-content\/uploads\/2025\/08\/Verteilung-WW-AK-768x324.png 768w, https:\/\/urban-fish.de\/wp-content\/uploads\/2025\/08\/Verteilung-WW-AK.png 1413w\" sizes=\"auto, (max-width: 1024px) 100vw, 1024px\" \/><\/figure>\n\n\n\n<p class=\"has-text-align-right has-extra-small-font-size\"><em>*AK = Aquakultur<\/em><\/p>\n<\/div><\/div>\n\n\n\n<p><\/p>\n\n\n\n<hr class=\"wp-block-separator has-alpha-channel-opacity\"\/>\n\n\n\n<p><\/p>\n\n\n\n<div class=\"wp-block-group alignwide\" style=\"padding-top:var(--wp--preset--spacing--40);padding-bottom:var(--wp--preset--spacing--40)\"><div class=\"wp-block-group__inner-container is-layout-constrained wp-block-group-is-layout-constrained\">\n<figure class=\"wp-block-image alignwide size-full\"><img loading=\"lazy\" decoding=\"async\" width=\"945\" height=\"654\" src=\"https:\/\/urban-fish.de\/wp-content\/uploads\/2025\/08\/Pitch-Was-haben-Sie-heute-gegessen-V2.png\" alt=\"\" class=\"wp-image-120\" srcset=\"https:\/\/urban-fish.de\/wp-content\/uploads\/2025\/08\/Pitch-Was-haben-Sie-heute-gegessen-V2.png 945w, https:\/\/urban-fish.de\/wp-content\/uploads\/2025\/08\/Pitch-Was-haben-Sie-heute-gegessen-V2-300x208.png 300w, https:\/\/urban-fish.de\/wp-content\/uploads\/2025\/08\/Pitch-Was-haben-Sie-heute-gegessen-V2-768x532.png 768w\" sizes=\"auto, (max-width: 945px) 100vw, 945px\" \/><\/figure>\n\n\n\n<p><\/p>\n\n\n\n<p><\/p>\n<\/div><\/div>\n\n\n\n<div class=\"wp-block-group alignwide has-white-background-color has-background\" style=\"padding-top:var(--wp--preset--spacing--40);padding-bottom:var(--wp--preset--spacing--40)\"><div class=\"wp-block-group__inner-container is-layout-constrained wp-block-group-is-layout-constrained\">\n<figure class=\"wp-block-image alignwide size-full\"><img loading=\"lazy\" decoding=\"async\" width=\"1604\" height=\"1051\" src=\"http:\/\/urban-fish.de\/wp-content\/uploads\/2026\/04\/Fish-Dependence-Day-2026.png\" alt=\"\" class=\"wp-image-215\" srcset=\"https:\/\/urban-fish.de\/wp-content\/uploads\/2026\/04\/Fish-Dependence-Day-2026.png 1604w, https:\/\/urban-fish.de\/wp-content\/uploads\/2026\/04\/Fish-Dependence-Day-2026-300x197.png 300w, https:\/\/urban-fish.de\/wp-content\/uploads\/2026\/04\/Fish-Dependence-Day-2026-1024x671.png 1024w, https:\/\/urban-fish.de\/wp-content\/uploads\/2026\/04\/Fish-Dependence-Day-2026-768x503.png 768w, https:\/\/urban-fish.de\/wp-content\/uploads\/2026\/04\/Fish-Dependence-Day-2026-1536x1006.png 1536w, https:\/\/urban-fish.de\/wp-content\/uploads\/2026\/04\/Fish-Dependence-Day-2026-1568x1027.png 1568w\" sizes=\"auto, (max-width: 1604px) 100vw, 1604px\" \/><\/figure>\n\n\n\n<p class=\"has-text-align-left has-extra-small-font-size\">*Der Fish Dependance Day (Fischersch\u00f6pfungstag) markiert den Tag, an dem die heimischen Fischressourcen rechnerisch aufgebraucht sind.<\/p>\n\n\n\n<p class=\"has-extra-small-font-size\"><strong>Deutschland importiert rund 89 Prozent<\/strong> der hierzulande verzehrten Fische und Meeresfr\u00fcchte &#8211; die EU importiert 73 % <\/p>\n<\/div><\/div>\n\n\n\n<div class=\"wp-block-columns alignfull is-layout-flex wp-container-core-columns-is-layout-0f05d1ac wp-block-columns-is-layout-flex\" style=\"padding-top:var(--wp--preset--spacing--70)\">\n<div class=\"wp-block-column is-layout-flow wp-block-column-is-layout-flow\">\n<figure class=\"wp-block-pullquote has-large-font-size\" style=\"padding-top:var(--wp--preset--spacing--70)\"><blockquote><p><strong>Unsere St\u00e4dte haben viele ungenutzte H\u00fcllen (Geb\u00e4udeleerstand) und UrbanFish wird mit unkonventionellen L\u00f6sungen zur Nachhaltigkeit der St\u00e4dte beitragen.<\/strong><\/p><cite>Susanne Klatten Handelsblatt &#8211;<br>M\u00fcnchen plant die Stadt der Zukunft\u2018<\/cite><\/blockquote><\/figure>\n<\/div>\n<\/div>\n\n\n\n<div class=\"wp-block-columns alignfull is-layout-flex wp-container-core-columns-is-layout-9d6595d7 wp-block-columns-is-layout-flex\">\n<div class=\"wp-block-column is-layout-flow wp-block-column-is-layout-flow\">\n<figure class=\"wp-block-pullquote has-large-font-size\"><blockquote><p><strong><strong>GROW WELL &#8211; EAT WELL &#8211; BE WELL<br><br>Es lohnt sich, Land zu sch\u00fctzen, denn es wird nicht mehr davon produziert<\/strong><\/strong><\/p><cite>Mark Twain<\/cite><\/blockquote><\/figure>\n<\/div>\n<\/div>\n\n\n\n<div class=\"wp-block-columns alignfull is-layout-flex wp-container-core-columns-is-layout-9d6595d7 wp-block-columns-is-layout-flex\">\n<div class=\"wp-block-column is-layout-flow wp-block-column-is-layout-flow\">\n<figure class=\"wp-block-pullquote has-large-font-size\"><blockquote><p><strong><strong><strong>Wettbewerbsf\u00e4higkeit ist das Mittel, Nachhaltigkeit ist der Zweck, nicht umgekehrt.<\/strong><\/strong><\/strong><\/p><cite>Kurt L\u00f6ffelmann<\/cite><\/blockquote><\/figure>\n<\/div>\n<\/div>\n\n\n\n<div class=\"wp-block-group\"><div class=\"wp-block-group__inner-container is-layout-constrained wp-block-group-is-layout-constrained\">\n<div class=\"wp-block-columns is-layout-flex wp-container-core-columns-is-layout-9d6595d7 wp-block-columns-is-layout-flex\">\n<div class=\"wp-block-column is-layout-flow wp-block-column-is-layout-flow\"><\/div>\n<\/div>\n\n\n\n<figure class=\"wp-block-image size-full\"><img loading=\"lazy\" decoding=\"async\" width=\"630\" height=\"548\" src=\"https:\/\/urban-fish.de\/wp-content\/uploads\/2025\/08\/Urban-Fish_Logo_2_final.png\" alt=\"\" class=\"wp-image-169\" srcset=\"https:\/\/urban-fish.de\/wp-content\/uploads\/2025\/08\/Urban-Fish_Logo_2_final.png 630w, https:\/\/urban-fish.de\/wp-content\/uploads\/2025\/08\/Urban-Fish_Logo_2_final-300x261.png 300w\" sizes=\"auto, (max-width: 630px) 100vw, 630px\" \/><\/figure>\n<\/div><\/div>\n\n\n\n<p><\/p>\n","protected":false},"excerpt":{"rendered":"<p>UrbanFish &#8211; Wiederbelebung von stillgelegten Fl\u00e4chen ohne Neuversiegelung Die L\u00f6sung von UrbanFish *AK = Aquakultur *Der Fish Dependance Day (Fischersch\u00f6pfungstag) markiert den Tag, an dem die heimischen Fischressourcen rechnerisch aufgebraucht sind. Deutschland importiert rund 89 Prozent der hierzulande verzehrten Fische und Meeresfr\u00fcchte &#8211; die EU importiert 73 % Unsere St\u00e4dte haben viele ungenutzte H\u00fcllen (Geb\u00e4udeleerstand)&hellip; <a class=\"more-link\" href=\"https:\/\/urban-fish.de\/\"><span class=\"screen-reader-text\">Home<\/span> weiterlesen<\/a><\/p>\n","protected":false},"author":1,"featured_media":0,"parent":0,"menu_order":0,"comment_status":"closed","ping_status":"closed","template":"","meta":{"footnotes":""},"class_list":["post-21","page","type-page","status-publish","hentry","entry"],"_links":{"self":[{"href":"https:\/\/urban-fish.de\/index.php?rest_route=\/wp\/v2\/pages\/21","targetHints":{"allow":["GET"]}}],"collection":[{"href":"https:\/\/urban-fish.de\/index.php?rest_route=\/wp\/v2\/pages"}],"about":[{"href":"https:\/\/urban-fish.de\/index.php?rest_route=\/wp\/v2\/types\/page"}],"author":[{"embeddable":true,"href":"https:\/\/urban-fish.de\/index.php?rest_route=\/wp\/v2\/users\/1"}],"replies":[{"embeddable":true,"href":"https:\/\/urban-fish.de\/index.php?rest_route=%2Fwp%2Fv2%2Fcomments&post=21"}],"version-history":[{"count":106,"href":"https:\/\/urban-fish.de\/index.php?rest_route=\/wp\/v2\/pages\/21\/revisions"}],"predecessor-version":[{"id":216,"href":"https:\/\/urban-fish.de\/index.php?rest_route=\/wp\/v2\/pages\/21\/revisions\/216"}],"wp:attachment":[{"href":"https:\/\/urban-fish.de\/index.php?rest_route=%2Fwp%2Fv2%2Fmedia&parent=21"}],"curies":[{"name":"wp","href":"https:\/\/api.w.org\/{rel}","templated":true}]}}